{"id":15980,"date":"2021-09-17T11:57:46","date_gmt":"2021-09-17T15:57:46","guid":{"rendered":"https:\/\/kenny-u-pull.com\/?page_id=15980"},"modified":"2025-04-17T15:20:06","modified_gmt":"2025-04-17T19:20:06","slug":"contactez-nous","status":"publish","type":"page","link":"https:\/\/kenny-u-pull.com\/fr\/contactez-nous\/","title":{"rendered":"Contactez-nous | Kenny U Pull Montr\u00e9al"},"content":{"rendered":"<p>[et_pb_section fb_built=\u00a0\u00bb1&Prime; custom_padding_last_edited=\u00a0\u00bbon|phone\u00a0\u00bb next_background_color=\u00a0\u00bb#ffffff\u00a0\u00bb _builder_version=\u00a0\u00bb4.16&Prime; _module_preset=\u00a0\u00bbdefault\u00a0\u00bb background_image=\u00a0\u00bbhttps:\/\/kenny-u-pull.com\/wp-content\/uploads\/2021\/03\/Untitled-design-46.png\u00a0\u00bb custom_margin_tablet=\u00a0\u00bb\u00a0\u00bb custom_margin_phone=\u00a0\u00bb\u00a0\u00bb custom_margin_last_edited=\u00a0\u00bbon|phone\u00a0\u00bb custom_padding=\u00a0\u00bb||275px|||\u00a0\u00bb custom_padding_tablet=\u00a0\u00bb\u00a0\u00bb custom_padding_phone=\u00a0\u00bb||145px||false|false\u00a0\u00bb bottom_divider_style=\u00a0\u00bbcurve2&Prime; bottom_divider_height_tablet=\u00a0\u00bb\u00a0\u00bb bottom_divider_height_phone=\u00a0\u00bb75px\u00a0\u00bb bottom_divider_height_last_edited=\u00a0\u00bbon|phone\u00a0\u00bb background_last_edited=\u00a0\u00bbon|phone\u00a0\u00bb parallax_phone=\u00a0\u00bboff\u00a0\u00bb parallax_method_phone=\u00a0\u00bbon\u00a0\u00bb background_size_phone=\u00a0\u00bbcover\u00a0\u00bb background_position_phone=\u00a0\u00bbbottom_right\u00a0\u00bb global_colors_info=\u00a0\u00bb{}\u00a0\u00bb][et_pb_row _builder_version=\u00a0\u00bb4.16&Prime; _module_preset=\u00a0\u00bbdefault\u00a0\u00bb vertical_offset=\u00a0\u00bb90px\u00a0\u00bb vertical_offset_tablet=\u00a0\u00bb\u00a0\u00bb vertical_offset_phone=\u00a0\u00bb39px\u00a0\u00bb vertical_offset_last_edited=\u00a0\u00bbon|phone\u00a0\u00bb horizontal_offset_tablet=\u00a0\u00bb\u00a0\u00bb horizontal_offset_phone=\u00a0\u00bb1px\u00a0\u00bb horizontal_offset_last_edited=\u00a0\u00bbon|phone\u00a0\u00bb global_colors_info=\u00a0\u00bb{}\u00a0\u00bb][et_pb_column type=\u00a0\u00bb4_4&Prime; _builder_version=\u00a0\u00bb4.16&Prime; _module_preset=\u00a0\u00bbdefault\u00a0\u00bb global_colors_info=\u00a0\u00bb{}\u00a0\u00bb][et_pb_text _builder_version=\u00a0\u00bb4.16&Prime; _module_preset=\u00a0\u00bbdefault\u00a0\u00bb header_font=\u00a0\u00bbBarlow|800|||||||\u00a0\u00bb header_text_align=\u00a0\u00bbcenter\u00a0\u00bb header_text_color=\u00a0\u00bb#FFFFFF\u00a0\u00bb header_font_size=\u00a0\u00bb70px\u00a0\u00bb header_font_size_tablet=\u00a0\u00bb\u00a0\u00bb header_font_size_phone=\u00a0\u00bb58px\u00a0\u00bb header_font_size_last_edited=\u00a0\u00bbon|phone\u00a0\u00bb global_colors_info=\u00a0\u00bb{}\u00a0\u00bb]<\/p>\n<h1 style=\"text-align: center;\">Contactez-nous<\/h1>\n<p>[\/et_pb_text][et_pb_text admin_label=\u00a0\u00bbText\u00a0\u00bb _builder_version=\u00a0\u00bb4.21.0&Prime; _module_preset=\u00a0\u00bbdefault\u00a0\u00bb header_2_font=\u00a0\u00bb|700|||||||\u00a0\u00bb header_2_text_align=\u00a0\u00bbcenter\u00a0\u00bb header_2_text_color=\u00a0\u00bb#FFFFFF\u00a0\u00bb custom_margin=\u00a0\u00bb-30px||||false|false\u00a0\u00bb custom_margin_tablet=\u00a0\u00bb\u00a0\u00bb custom_margin_phone=\u00a0\u00bb-31px||||false|false\u00a0\u00bb custom_margin_last_edited=\u00a0\u00bbon|phone\u00a0\u00bb header_2_font_size_tablet=\u00a0\u00bb\u00a0\u00bb header_2_font_size_phone=\u00a0\u00bb24px\u00a0\u00bb header_2_font_size_last_edited=\u00a0\u00bbon|phone\u00a0\u00bb global_colors_info=\u00a0\u00bb{}\u00a0\u00bb]<\/p>\n<h2>N&rsquo;importe quand et n&rsquo;importe o\u00f9 !<\/h2>\n<p>[\/et_pb_text][\/et_pb_column][\/et_pb_row][\/et_pb_section][et_pb_section fb_built=\u00a0\u00bb1&Prime; _builder_version=\u00a0\u00bb4.16&Prime; _module_preset=\u00a0\u00bbdefault\u00a0\u00bb custom_padding=\u00a0\u00bb||34px|||\u00a0\u00bb global_colors_info=\u00a0\u00bb{}\u00a0\u00bb][et_pb_row _builder_version=\u00a0\u00bb4.16&Prime; _module_preset=\u00a0\u00bbdefault\u00a0\u00bb global_colors_info=\u00a0\u00bb{}\u00a0\u00bb][et_pb_column type=\u00a0\u00bb4_4&Prime; _builder_version=\u00a0\u00bb4.16&Prime; _module_preset=\u00a0\u00bbdefault\u00a0\u00bb global_colors_info=\u00a0\u00bb{}\u00a0\u00bb][et_pb_text _builder_version=\u00a0\u00bb4.16&Prime; _module_preset=\u00a0\u00bbdefault\u00a0\u00bb header_2_font=\u00a0\u00bbBarlow|700|||||||\u00a0\u00bb header_2_text_color=\u00a0\u00bbrgba(43,43,43,0.69)\u00a0\u00bb header_2_font_size=\u00a0\u00bb50px\u00a0\u00bb header_font_size_tablet=\u00a0\u00bb\u00a0\u00bb header_font_size_phone=\u00a0\u00bb30px\u00a0\u00bb header_font_size_last_edited=\u00a0\u00bbon|phone\u00a0\u00bb header_2_font_size_tablet=\u00a0\u00bb\u00a0\u00bb header_2_font_size_phone=\u00a0\u00bb44px\u00a0\u00bb header_2_font_size_last_edited=\u00a0\u00bbon|phone\u00a0\u00bb global_colors_info=\u00a0\u00bb{}\u00a0\u00bb]<\/p>\n<h2 style=\"text-align: center;\">Le Meilleur Service de Ramassage Automobile\u00a0<\/h2>\n<p>[\/et_pb_text][et_pb_text _builder_version=\u00a0\u00bb4.16&Prime; _module_preset=\u00a0\u00bbdefault\u00a0\u00bb header_3_font=\u00a0\u00bbBarlow|700|||||||\u00a0\u00bb header_3_text_align=\u00a0\u00bbcenter\u00a0\u00bb header_3_text_color=\u00a0\u00bbrgba(43,43,43,0.69)\u00a0\u00bb custom_margin=\u00a0\u00bb-25px||||false|false\u00a0\u00bb header_3_font_size_tablet=\u00a0\u00bb\u00a0\u00bb header_3_font_size_phone=\u00a0\u00bb18px\u00a0\u00bb header_3_font_size_last_edited=\u00a0\u00bbon|phone\u00a0\u00bb global_colors_info=\u00a0\u00bb{}\u00a0\u00bb]<\/p>\n<h3>N&rsquo;h\u00e9sitez pas \u00e0 nous contacter \u00e0 tout moment<\/h3>\n<p>[\/et_pb_text][\/et_pb_column][\/et_pb_row][et_pb_row _builder_version=\u00a0\u00bb4.16&Prime; _module_preset=\u00a0\u00bbdefault\u00a0\u00bb global_colors_info=\u00a0\u00bb{}\u00a0\u00bb][et_pb_column type=\u00a0\u00bb4_4&Prime; _builder_version=\u00a0\u00bb4.16&Prime; _module_preset=\u00a0\u00bbdefault\u00a0\u00bb global_colors_info=\u00a0\u00bb{}\u00a0\u00bb][et_pb_text _builder_version=\u00a0\u00bb4.21.0&Prime; _module_preset=\u00a0\u00bbdefault\u00a0\u00bb text_font=\u00a0\u00bbBarlow|700|||||||\u00a0\u00bb text_font_size=\u00a0\u00bb55px\u00a0\u00bb header_2_font=\u00a0\u00bbBarlow|700|||||||\u00a0\u00bb header_2_text_color=\u00a0\u00bbrgba(43,43,43,0.69)\u00a0\u00bb header_2_font_size=\u00a0\u00bb50px\u00a0\u00bb animation_style=\u00a0\u00bbzoom\u00a0\u00bb text_font_size_tablet=\u00a0\u00bb\u00a0\u00bb text_font_size_phone=\u00a0\u00bb45px\u00a0\u00bb text_font_size_last_edited=\u00a0\u00bbon|phone\u00a0\u00bb global_colors_info=\u00a0\u00bb{}\u00a0\u00bb]<\/p>\n<table>\n<tbody>\n<tr>\n<td style=\"text-align: center;\">1-844-505-3669<\/td>\n<\/tr>\n<\/tbody>\n<\/table>\n<p>[\/et_pb_text][\/et_pb_column][\/et_pb_row][\/et_pb_section][et_pb_section fb_built=\u00a0\u00bb1&Prime; _builder_version=\u00a0\u00bb4.16&Prime; _module_preset=\u00a0\u00bbdefault\u00a0\u00bb background_enable_color=\u00a0\u00bboff\u00a0\u00bb custom_padding=\u00a0\u00bb30px||80px||false|false\u00a0\u00bb global_colors_info=\u00a0\u00bb{}\u00a0\u00bb][et_pb_row column_structure=\u00a0\u00bb1_3,1_3,1_3&Prime; _builder_version=\u00a0\u00bb4.16&Prime; _module_preset=\u00a0\u00bbdefault\u00a0\u00bb width=\u00a0\u00bb98%\u00a0\u00bb max_width=\u00a0\u00bb98%\u00a0\u00bb custom_margin=\u00a0\u00bb|auto|-74px|auto|false|false\u00a0\u00bb custom_padding=\u00a0\u00bb0px|||||\u00a0\u00bb global_colors_info=\u00a0\u00bb{}\u00a0\u00bb][et_pb_column type=\u00a0\u00bb1_3&Prime; _builder_version=\u00a0\u00bb4.16&Prime; _module_preset=\u00a0\u00bbdefault\u00a0\u00bb global_colors_info=\u00a0\u00bb{}\u00a0\u00bb][\/et_pb_column][et_pb_column type=\u00a0\u00bb1_3&Prime; _builder_version=\u00a0\u00bb4.16&Prime; _module_preset=\u00a0\u00bbdefault\u00a0\u00bb global_colors_info=\u00a0\u00bb{}\u00a0\u00bb][et_pb_image src=\u00a0\u00bbhttps:\/\/kenny-u-pull.com\/wp-content\/uploads\/2019\/10\/AIM_Kenny_rgb_out-1-1.jpg\u00a0\u00bb alt=\u00a0\u00bbAIM Kenny-U-Pull Logo\u00a0\u00bb title_text=\u00a0\u00bbAIM Kenny U Pull Logo\u00a0\u00bb align=\u00a0\u00bbcenter\u00a0\u00bb _builder_version=\u00a0\u00bb4.16&Prime; _module_preset=\u00a0\u00bbdefault\u00a0\u00bb width=\u00a0\u00bb50%\u00a0\u00bb custom_margin=\u00a0\u00bb0px||45px||false|false\u00a0\u00bb border_radii=\u00a0\u00bbon|1px|1px|1px|1px\u00a0\u00bb border_width_all=\u00a0\u00bb2px\u00a0\u00bb border_color_all=\u00a0\u00bb#7f7f7f\u00a0\u00bb global_colors_info=\u00a0\u00bb{}\u00a0\u00bb][\/et_pb_image][et_pb_text _builder_version=\u00a0\u00bb4.16&Prime; _module_preset=\u00a0\u00bbdefault\u00a0\u00bb text_font=\u00a0\u00bbBarlow|700|||||||\u00a0\u00bb text_text_color=\u00a0\u00bb#E02B20&Prime; text_font_size=\u00a0\u00bb17px\u00a0\u00bb header_4_font=\u00a0\u00bbBarlow|900|||||||\u00a0\u00bb custom_margin=\u00a0\u00bb||16px||false|false\u00a0\u00bb global_colors_info=\u00a0\u00bb{}\u00a0\u00bb]<\/p>\n<h4 style=\"text-align: center;\">Horaires d&rsquo;ouverture<\/h4>\n<p>[\/et_pb_text][et_pb_text _builder_version=\u00a0\u00bb4.21.0&Prime; _module_preset=\u00a0\u00bbdefault\u00a0\u00bb text_font=\u00a0\u00bbBarlow|500|||||||\u00a0\u00bb text_text_color=\u00a0\u00bb#FFFFFF\u00a0\u00bb text_font_size=\u00a0\u00bb17px\u00a0\u00bb global_colors_info=\u00a0\u00bb{}\u00a0\u00bb]<\/p>\n<p style=\"text-align: center;\"><span style=\"color: #000000;\">Lundi au Vendredi : 7AM &#8211; 8PM<\/span><\/p>\n<p style=\"text-align: center;\"><span style=\"color: #000000;\">Samedi : 8AM &#8211; 6PM<\/span><\/p>\n<p style=\"text-align: center;\"><span style=\"color: #000000;\">Dimanche : 9AM &#8211; 5PM<\/span><\/p>\n<p>[\/et_pb_text][\/et_pb_column][et_pb_column type=\u00a0\u00bb1_3&Prime; _builder_version=\u00a0\u00bb4.16&Prime; _module_preset=\u00a0\u00bbdefault\u00a0\u00bb global_colors_info=\u00a0\u00bb{}\u00a0\u00bb][\/et_pb_column][\/et_pb_row][\/et_pb_section]<\/p>\n","protected":false},"excerpt":{"rendered":"<p>Contactez-nousN&rsquo;importe quand et n&rsquo;importe o\u00f9 !Le Meilleur Service de Ramassage Automobile\u00a0N&rsquo;h\u00e9sitez pas \u00e0 nous contacter \u00e0 tout moment 1-844-505-3669 Horaires d&rsquo;ouvertureLundi au Vendredi : 7AM &#8211; 8PM Samedi : 8AM &#8211; 6PM Dimanche : 9AM &#8211; 5PM<\/p>\n","protected":false},"author":172784606,"featured_media":0,"parent":0,"menu_order":0,"comment_status":"closed","ping_status":"closed","template":"","meta":{"_et_pb_use_builder":"on","_et_pb_old_content":"[et_pb_section fb_built=\"1\" custom_padding_last_edited=\"on|phone\" next_background_color=\"#ffffff\" _builder_version=\"4.9.2\" _module_preset=\"default\" background_image=\"https:\/\/kenny-u-pull.com\/wp-content\/uploads\/2021\/03\/Untitled-design-46.png\" custom_margin_tablet=\"\" custom_margin_phone=\"\" custom_margin_last_edited=\"on|phone\" custom_padding=\"||275px|||\" custom_padding_tablet=\"\" custom_padding_phone=\"||145px||false|false\" bottom_divider_style=\"curve2\" bottom_divider_height_tablet=\"\" bottom_divider_height_phone=\"75px\" bottom_divider_height_last_edited=\"on|phone\" background_last_edited=\"on|phone\" parallax_phone=\"off\" parallax_method_phone=\"on\" background_size_phone=\"cover\" background_position_phone=\"bottom_right\"][et_pb_row _builder_version=\"4.9.1\" _module_preset=\"default\" vertical_offset=\"90px\" vertical_offset_tablet=\"\" vertical_offset_phone=\"39px\" vertical_offset_last_edited=\"on|phone\" horizontal_offset_tablet=\"\" horizontal_offset_phone=\"1px\" horizontal_offset_last_edited=\"on|phone\"][et_pb_column type=\"4_4\" _builder_version=\"4.9.1\" _module_preset=\"default\"][et_pb_text _builder_version=\"4.9.2\" _module_preset=\"default\" header_font=\"Barlow|800|||||||\" header_text_align=\"center\" header_text_color=\"#FFFFFF\" header_font_size=\"70px\" header_font_size_tablet=\"\" header_font_size_phone=\"58px\" header_font_size_last_edited=\"on|phone\"]<h1 style=\"text-align: center;\">Contact Us<\/h1>[\/et_pb_text][et_pb_text admin_label=\"Text\" _builder_version=\"4.9.2\" _module_preset=\"default\" header_2_font=\"|700|||||||\" header_2_text_align=\"center\" header_2_text_color=\"#FFFFFF\" custom_margin=\"-30px||||false|false\" custom_margin_tablet=\"\" custom_margin_phone=\"-31px||||false|false\" custom_margin_last_edited=\"on|phone\" header_2_font_size_tablet=\"\" header_2_font_size_phone=\"24px\" header_2_font_size_last_edited=\"on|phone\"]<h2>Anywhere and anytime in Ontario<\/h2>[\/et_pb_text][\/et_pb_column][\/et_pb_row][\/et_pb_section][et_pb_section fb_built=\"1\" _builder_version=\"4.9.1\" _module_preset=\"default\" custom_padding=\"||34px|||\"][et_pb_row _builder_version=\"4.9.1\" _module_preset=\"default\"][et_pb_column type=\"4_4\" _builder_version=\"4.9.1\" _module_preset=\"default\"][et_pb_text _builder_version=\"4.9.2\" _module_preset=\"default\" header_2_font=\"Barlow|700|||||||\" header_2_text_color=\"rgba(43,43,43,0.69)\" header_2_font_size=\"50px\" header_font_size_tablet=\"\" header_font_size_phone=\"30px\" header_font_size_last_edited=\"on|phone\" header_2_font_size_tablet=\"\" header_2_font_size_phone=\"44px\" header_2_font_size_last_edited=\"on|phone\"]<h2 style=\"text-align: center;\">The best car removal service in Ontario<\/h2>[\/et_pb_text][et_pb_text _builder_version=\"4.9.2\" _module_preset=\"default\" header_3_font=\"Barlow|700|||||||\" header_3_text_align=\"center\" header_3_text_color=\"rgba(43,43,43,0.69)\" custom_margin=\"-25px||||false|false\" header_3_font_size_tablet=\"\" header_3_font_size_phone=\"18px\" header_3_font_size_last_edited=\"on|phone\"]<h3>Feel Free To Contact Us At Anytime<\/h3>[\/et_pb_text][\/et_pb_column][\/et_pb_row][et_pb_row _builder_version=\"4.9.2\" _module_preset=\"default\"][et_pb_column type=\"4_4\" _builder_version=\"4.9.1\" _module_preset=\"default\"][et_pb_text _builder_version=\"4.9.2\" _module_preset=\"default\" text_font=\"Barlow|700|||||||\" text_font_size=\"55px\" header_2_font=\"Barlow|700|||||||\" header_2_text_color=\"rgba(43,43,43,0.69)\" header_2_font_size=\"50px\" animation_style=\"zoom\" text_font_size_tablet=\"\" text_font_size_phone=\"45px\" text_font_size_last_edited=\"on|phone\"]<p style=\"text-align: center;\"><span>(905) 952-3125<\/span><\/p>[\/et_pb_text][\/et_pb_column][\/et_pb_row][\/et_pb_section][et_pb_section fb_built=\"1\" _builder_version=\"4.9.2\" _module_preset=\"default\" background_enable_color=\"off\" custom_padding=\"30px||80px||false|false\"][et_pb_row column_structure=\"1_3,1_3,1_3\" _builder_version=\"4.9.1\" _module_preset=\"default\" width=\"98%\" max_width=\"98%\" custom_margin=\"|auto|-74px|auto|false|false\" custom_padding=\"0px|||||\"][et_pb_column type=\"1_3\" _builder_version=\"4.9.1\" _module_preset=\"default\"][\/et_pb_column][et_pb_column type=\"1_3\" _builder_version=\"4.9.1\" _module_preset=\"default\"][et_pb_image src=\"https:\/\/kenny-u-pull.com\/wp-content\/uploads\/2019\/10\/AIM_Kenny_rgb_out-1-1.jpg\" alt=\"AIM Kenny-U-Pull Logo\" title_text=\"AIM Kenny U Pull Logo\" align=\"center\" _builder_version=\"4.9.2\" _module_preset=\"default\" width=\"50%\" custom_margin=\"0px||45px||false|false\" border_radii=\"on|1px|1px|1px|1px\" border_width_all=\"2px\" border_color_all=\"#7f7f7f\"][\/et_pb_image][et_pb_text _builder_version=\"4.9.2\" _module_preset=\"default\" text_font=\"Barlow|700|||||||\" text_text_color=\"#E02B20\" text_font_size=\"17px\" header_4_font=\"Barlow|900|||||||\" custom_margin=\"||16px||false|false\"]<h4 style=\"text-align: center;\">Business Hours<\/h4>[\/et_pb_text][et_pb_text _builder_version=\"4.9.2\" _module_preset=\"default\" text_font=\"Barlow|500|||||||\" text_text_color=\"#FFFFFF\" text_font_size=\"17px\"]<p style=\"text-align: center;\"><span style=\"color: #000000;\">Monday To Friday : 7AM - 8PM<\/span><\/p>\r\n<p style=\"text-align: center;\"><span style=\"color: #000000;\">Saturday : 8AM - 6PM<\/span><\/p>\r\n<p style=\"text-align: center;\"><span style=\"color: #000000;\">Sunday : 9AM - 5PM<\/span><\/p>[\/et_pb_text][\/et_pb_column][et_pb_column type=\"1_3\" _builder_version=\"4.9.1\" _module_preset=\"default\"][\/et_pb_column][\/et_pb_row][\/et_pb_section]","_et_gb_content_width":"","_crdt_document":"","footnotes":""},"class_list":["post-15980","page","type-page","status-publish","hentry"],"yoast_head":"<!-- This site is optimized with the Yoast SEO plugin v27.4 - https:\/\/yoast.com\/product\/yoast-seo-wordpress\/ -->\n<title>Contactez-nous | Kenny U Pull Montr\u00e9al - Kenny U Pull<\/title>\n<meta name=\"robots\" content=\"index, follow, max-snippet:-1, max-image-preview:large, max-video-preview:-1\" \/>\n<link rel=\"canonical\" href=\"https:\/\/kenny-u-pull.com\/fr\/contactez-nous\/\" \/>\n<meta property=\"og:locale\" content=\"fr_FR\" \/>\n<meta property=\"og:type\" content=\"article\" \/>\n<meta property=\"og:title\" content=\"Contactez-nous | Kenny U Pull Montr\u00e9al - Kenny U Pull\" \/>\n<meta property=\"og:description\" content=\"Contactez-nousN&#039;importe quand et n&#039;importe o\u00f9 !Le Meilleur Service de Ramassage Automobile\u00a0N&#039;h\u00e9sitez pas \u00e0 nous contacter \u00e0 tout moment 1-844-505-3669 Horaires d&#039;ouvertureLundi au Vendredi : 7AM - 8PM Samedi : 8AM - 6PM Dimanche : 9AM - 5PM\" \/>\n<meta property=\"og:url\" content=\"https:\/\/kenny-u-pull.com\/fr\/contactez-nous\/\" \/>\n<meta property=\"og:site_name\" content=\"Kenny U Pull\" \/>\n<meta property=\"article:modified_time\" content=\"2025-04-17T19:20:06+00:00\" \/>\n<meta name=\"twitter:card\" content=\"summary_large_image\" \/>\n<meta name=\"twitter:label1\" content=\"Dur\u00e9e de lecture estim\u00e9e\" \/>\n\t<meta name=\"twitter:data1\" content=\"1 minute\" \/>\n<script type=\"application\/ld+json\" class=\"yoast-schema-graph\">{\"@context\":\"https:\\\/\\\/schema.org\",\"@graph\":[{\"@type\":\"WebPage\",\"@id\":\"https:\\\/\\\/kenny-u-pull.com\\\/fr\\\/contactez-nous\\\/\",\"url\":\"https:\\\/\\\/kenny-u-pull.com\\\/fr\\\/contactez-nous\\\/\",\"name\":\"Contactez-nous | Kenny U Pull Montr\u00e9al - Kenny U Pull\",\"isPartOf\":{\"@id\":\"https:\\\/\\\/kenny-u-pull.com\\\/fr\\\/#website\"},\"datePublished\":\"2021-09-17T15:57:46+00:00\",\"dateModified\":\"2025-04-17T19:20:06+00:00\",\"inLanguage\":\"fr-FR\",\"potentialAction\":[{\"@type\":\"ReadAction\",\"target\":[\"https:\\\/\\\/kenny-u-pull.com\\\/fr\\\/contactez-nous\\\/\"]}]},{\"@type\":\"WebSite\",\"@id\":\"https:\\\/\\\/kenny-u-pull.com\\\/fr\\\/#website\",\"url\":\"https:\\\/\\\/kenny-u-pull.com\\\/fr\\\/\",\"name\":\"Kenny U Pull\",\"description\":\"Scrap car buyer\",\"publisher\":{\"@id\":\"https:\\\/\\\/kenny-u-pull.com\\\/fr\\\/#organization\"},\"potentialAction\":[{\"@type\":\"SearchAction\",\"target\":{\"@type\":\"EntryPoint\",\"urlTemplate\":\"https:\\\/\\\/kenny-u-pull.com\\\/fr\\\/?s={search_term_string}\"},\"query-input\":{\"@type\":\"PropertyValueSpecification\",\"valueRequired\":true,\"valueName\":\"search_term_string\"}}],\"inLanguage\":\"fr-FR\"},{\"@type\":\"Organization\",\"@id\":\"https:\\\/\\\/kenny-u-pull.com\\\/fr\\\/#organization\",\"name\":\"Kenny U-Pull\",\"url\":\"https:\\\/\\\/kenny-u-pull.com\\\/fr\\\/\",\"logo\":{\"@type\":\"ImageObject\",\"inLanguage\":\"fr-FR\",\"@id\":\"https:\\\/\\\/kenny-u-pull.com\\\/fr\\\/#\\\/schema\\\/logo\\\/image\\\/\",\"url\":\"https:\\\/\\\/i0.wp.com\\\/kenny-u-pull.com\\\/wp-content\\\/uploads\\\/2019\\\/10\\\/kenny-u-pull-icon-logo-03.png?fit=900%2C901&ssl=1\",\"contentUrl\":\"https:\\\/\\\/i0.wp.com\\\/kenny-u-pull.com\\\/wp-content\\\/uploads\\\/2019\\\/10\\\/kenny-u-pull-icon-logo-03.png?fit=900%2C901&ssl=1\",\"width\":900,\"height\":901,\"caption\":\"Kenny U-Pull\"},\"image\":{\"@id\":\"https:\\\/\\\/kenny-u-pull.com\\\/fr\\\/#\\\/schema\\\/logo\\\/image\\\/\"}}]}<\/script>\n<!-- \/ Yoast SEO plugin. -->","yoast_head_json":{"title":"Contactez-nous | Kenny U Pull Montr\u00e9al - Kenny U Pull","robots":{"index":"index","follow":"follow","max-snippet":"max-snippet:-1","max-image-preview":"max-image-preview:large","max-video-preview":"max-video-preview:-1"},"canonical":"https:\/\/kenny-u-pull.com\/fr\/contactez-nous\/","og_locale":"fr_FR","og_type":"article","og_title":"Contactez-nous | Kenny U Pull Montr\u00e9al - Kenny U Pull","og_description":"Contactez-nousN'importe quand et n'importe o\u00f9 !Le Meilleur Service de Ramassage Automobile\u00a0N'h\u00e9sitez pas \u00e0 nous contacter \u00e0 tout moment 1-844-505-3669 Horaires d'ouvertureLundi au Vendredi : 7AM - 8PM Samedi : 8AM - 6PM Dimanche : 9AM - 5PM","og_url":"https:\/\/kenny-u-pull.com\/fr\/contactez-nous\/","og_site_name":"Kenny U Pull","article_modified_time":"2025-04-17T19:20:06+00:00","twitter_card":"summary_large_image","twitter_misc":{"Dur\u00e9e de lecture estim\u00e9e":"1 minute"},"schema":{"@context":"https:\/\/schema.org","@graph":[{"@type":"WebPage","@id":"https:\/\/kenny-u-pull.com\/fr\/contactez-nous\/","url":"https:\/\/kenny-u-pull.com\/fr\/contactez-nous\/","name":"Contactez-nous | Kenny U Pull Montr\u00e9al - Kenny U Pull","isPartOf":{"@id":"https:\/\/kenny-u-pull.com\/fr\/#website"},"datePublished":"2021-09-17T15:57:46+00:00","dateModified":"2025-04-17T19:20:06+00:00","inLanguage":"fr-FR","potentialAction":[{"@type":"ReadAction","target":["https:\/\/kenny-u-pull.com\/fr\/contactez-nous\/"]}]},{"@type":"WebSite","@id":"https:\/\/kenny-u-pull.com\/fr\/#website","url":"https:\/\/kenny-u-pull.com\/fr\/","name":"Kenny U Pull","description":"Scrap car buyer","publisher":{"@id":"https:\/\/kenny-u-pull.com\/fr\/#organization"},"potentialAction":[{"@type":"SearchAction","target":{"@type":"EntryPoint","urlTemplate":"https:\/\/kenny-u-pull.com\/fr\/?s={search_term_string}"},"query-input":{"@type":"PropertyValueSpecification","valueRequired":true,"valueName":"search_term_string"}}],"inLanguage":"fr-FR"},{"@type":"Organization","@id":"https:\/\/kenny-u-pull.com\/fr\/#organization","name":"Kenny U-Pull","url":"https:\/\/kenny-u-pull.com\/fr\/","logo":{"@type":"ImageObject","inLanguage":"fr-FR","@id":"https:\/\/kenny-u-pull.com\/fr\/#\/schema\/logo\/image\/","url":"https:\/\/i0.wp.com\/kenny-u-pull.com\/wp-content\/uploads\/2019\/10\/kenny-u-pull-icon-logo-03.png?fit=900%2C901&ssl=1","contentUrl":"https:\/\/i0.wp.com\/kenny-u-pull.com\/wp-content\/uploads\/2019\/10\/kenny-u-pull-icon-logo-03.png?fit=900%2C901&ssl=1","width":900,"height":901,"caption":"Kenny U-Pull"},"image":{"@id":"https:\/\/kenny-u-pull.com\/fr\/#\/schema\/logo\/image\/"}}]}},"jetpack_shortlink":"https:\/\/wp.me\/Pbl5PG-49K","jetpack_sharing_enabled":true,"_links":{"self":[{"href":"https:\/\/kenny-u-pull.com\/fr\/wp-json\/wp\/v2\/pages\/15980","targetHints":{"allow":["GET"]}}],"collection":[{"href":"https:\/\/kenny-u-pull.com\/fr\/wp-json\/wp\/v2\/pages"}],"about":[{"href":"https:\/\/kenny-u-pull.com\/fr\/wp-json\/wp\/v2\/types\/page"}],"author":[{"embeddable":true,"href":"https:\/\/kenny-u-pull.com\/fr\/wp-json\/wp\/v2\/users\/172784606"}],"replies":[{"embeddable":true,"href":"https:\/\/kenny-u-pull.com\/fr\/wp-json\/wp\/v2\/comments?post=15980"}],"version-history":[{"count":13,"href":"https:\/\/kenny-u-pull.com\/fr\/wp-json\/wp\/v2\/pages\/15980\/revisions"}],"predecessor-version":[{"id":18191,"href":"https:\/\/kenny-u-pull.com\/fr\/wp-json\/wp\/v2\/pages\/15980\/revisions\/18191"}],"wp:attachment":[{"href":"https:\/\/kenny-u-pull.com\/fr\/wp-json\/wp\/v2\/media?parent=15980"}],"curies":[{"name":"wp","href":"https:\/\/api.w.org\/{rel}","templated":true}]}}